{"id":24,"date":"2023-09-05T07:52:00","date_gmt":"2023-09-05T05:52:00","guid":{"rendered":"https:\/\/www.pisandri.it\/gnomo\/?page_id=24"},"modified":"2023-09-19T16:56:22","modified_gmt":"2023-09-19T14:56:22","slug":"presentazione","status":"publish","type":"page","link":"https:\/\/www.pisandri.it\/ALTRISITI\/gnomo\/index.php\/presentazione\/","title":{"rendered":"PRESENTAZIONE"},"content":{"rendered":"\n<p>In Gnomo, ci impegniamo a trasformare ogni sogno in un&#8217;opera d&#8217;arte verde. Siamo una piccola azienda artigianale specializzata nella progettazione e nella realizzazione di giardini su misura, e ci dedichiamo con passione e cura ad ogni dettaglio.<\/p>\n\n\n\n<p><\/p>\n\n\n<div class=\"wp-block-image\">\n<figure class=\"aligncenter size-full\"><img loading=\"lazy\" decoding=\"async\" width=\"512\" height=\"404\" src=\"https:\/\/www.pisandri.it\/gnomo\/wp-content\/uploads\/2023\/09\/GIARDINO1.png\" alt=\"\" class=\"wp-image-28\" srcset=\"https:\/\/www.pisandri.it\/ALTRISITI\/gnomo\/wp-content\/uploads\/2023\/09\/GIARDINO1.png 512w, https:\/\/www.pisandri.it\/ALTRISITI\/gnomo\/wp-content\/uploads\/2023\/09\/GIARDINO1-300x237.png 300w\" sizes=\"auto, (max-width: 512px) 100vw, 512px\" \/><\/figure>\n<\/div>\n\n\n<p><\/p>\n\n\n\n<p><\/p>\n\n\n\n<p>Ci\u00f2 che ci rende unici \u00e8 il nostro approccio artigianale. Non creiamo semplicemente giardini, ma bens\u00ec spazi verdi personalizzati che riflettono la personalit\u00e0 e le aspirazioni dei nostri clienti. Ogni giardino che costruiamo \u00e8 un&#8217;opera su commissione, realizzata con maestria e amore per la natura.<\/p>\n\n\n\n<p>La nostra filosofia \u00e8 fondata sulla qualit\u00e0, l&#8217;attenzione al cliente e il rispetto per l&#8217;ambiente. Utilizziamo materiali sostenibili e metodi eco-compatibili per garantire che il tuo giardino sia non solo uno spazio affascinante, ma anche un luogo rispettoso dell&#8217;ecosistema circostante.<\/p>\n\n\n\n<p><\/p>\n\n\n<div class=\"wp-block-image\">\n<figure class=\"aligncenter size-full\"><img loading=\"lazy\" decoding=\"async\" width=\"512\" height=\"370\" src=\"https:\/\/www.pisandri.it\/gnomo\/wp-content\/uploads\/2023\/09\/GIARDINO2.png\" alt=\"\" class=\"wp-image-33\" srcset=\"https:\/\/www.pisandri.it\/ALTRISITI\/gnomo\/wp-content\/uploads\/2023\/09\/GIARDINO2.png 512w, https:\/\/www.pisandri.it\/ALTRISITI\/gnomo\/wp-content\/uploads\/2023\/09\/GIARDINO2-300x217.png 300w\" sizes=\"auto, (max-width: 512px) 100vw, 512px\" \/><\/figure>\n<\/div>\n\n\n<p><\/p>\n\n\n\n<p>Nel corso degli anni, abbiamo trasformato molteplici fantasie in realt\u00e0. Che tu desideri un giardino zen che ispiri la meditazione o uno spazio vivace per le riunioni familiari, il team di Gnomo \u00e8 qui per te. Lavoriamo a stretto contatto con i nostri clienti per capire le loro esigenze e tradurle in un progetto su misura che superer\u00e0 le aspettative.<\/p>\n\n\n\n<p><\/p>\n\n\n<div class=\"wp-block-image\">\n<figure class=\"aligncenter size-full\"><img loading=\"lazy\" decoding=\"async\" width=\"510\" height=\"384\" src=\"https:\/\/www.pisandri.it\/gnomo\/wp-content\/uploads\/2023\/09\/GIARDINO3.png\" alt=\"\" class=\"wp-image-36\" srcset=\"https:\/\/www.pisandri.it\/ALTRISITI\/gnomo\/wp-content\/uploads\/2023\/09\/GIARDINO3.png 510w, https:\/\/www.pisandri.it\/ALTRISITI\/gnomo\/wp-content\/uploads\/2023\/09\/GIARDINO3-300x226.png 300w\" sizes=\"auto, (max-width: 510px) 100vw, 510px\" \/><\/figure>\n<\/div>\n\n\n<p><\/p>\n\n\n\n<p>Scegli Gnomo per trasformare il tuo spazio esterno in un luogo di bellezza e ispirazione. Contattaci oggi stesso e lascia che i nostri giardinieri artigiani trasformino il tuo sogno di un giardino perfetto in una realt\u00e0 incantevole.<\/p>\n\n\n\n<p><\/p>\n","protected":false},"excerpt":{"rendered":"<p>In Gnomo, ci impegniamo a trasformare ogni sogno in un&#8217;opera d&#8217;arte verde. Siamo una piccola azienda artigianale specializzata nella progettazione e nella realizzazione di giardini su misura, e ci dedichiamo con passione e cura ad ogni dettaglio. Ci\u00f2 che ci rende unici \u00e8 il nostro approccio artigianale. Non creiamo semplicemente giardini, ma bens\u00ec spazi verdi [&hellip;]<\/p>\n","protected":false},"author":1,"featured_media":63,"parent":0,"menu_order":0,"comment_status":"closed","ping_status":"closed","template":"","meta":{"footnotes":""},"class_list":["post-24","page","type-page","status-publish","has-post-thumbnail","hentry"],"_links":{"self":[{"href":"https:\/\/www.pisandri.it\/ALTRISITI\/gnomo\/index.php\/wp-json\/wp\/v2\/pages\/24","targetHints":{"allow":["GET"]}}],"collection":[{"href":"https:\/\/www.pisandri.it\/ALTRISITI\/gnomo\/index.php\/wp-json\/wp\/v2\/pages"}],"about":[{"href":"https:\/\/www.pisandri.it\/ALTRISITI\/gnomo\/index.php\/wp-json\/wp\/v2\/types\/page"}],"author":[{"embeddable":true,"href":"https:\/\/www.pisandri.it\/ALTRISITI\/gnomo\/index.php\/wp-json\/wp\/v2\/users\/1"}],"replies":[{"embeddable":true,"href":"https:\/\/www.pisandri.it\/ALTRISITI\/gnomo\/index.php\/wp-json\/wp\/v2\/comments?post=24"}],"version-history":[{"count":7,"href":"https:\/\/www.pisandri.it\/ALTRISITI\/gnomo\/index.php\/wp-json\/wp\/v2\/pages\/24\/revisions"}],"predecessor-version":[{"id":95,"href":"https:\/\/www.pisandri.it\/ALTRISITI\/gnomo\/index.php\/wp-json\/wp\/v2\/pages\/24\/revisions\/95"}],"wp:featuredmedia":[{"embeddable":true,"href":"https:\/\/www.pisandri.it\/ALTRISITI\/gnomo\/index.php\/wp-json\/wp\/v2\/media\/63"}],"wp:attachment":[{"href":"https:\/\/www.pisandri.it\/ALTRISITI\/gnomo\/index.php\/wp-json\/wp\/v2\/media?parent=24"}],"curies":[{"name":"wp","href":"https:\/\/api.w.org\/{rel}","templated":true}]}}